{"id":7,"date":"2016-05-17T11:41:05","date_gmt":"2016-05-17T11:41:05","guid":{"rendered":"http:\/\/demo.goodlayers.com\/infinite\/homepages\/onepage\/?page_id=4"},"modified":"2021-03-04T22:23:26","modified_gmt":"2021-03-04T19:23:26","slug":"endustriyel-sogutma","status":"publish","type":"page","link":"https:\/\/dogusmakine.com\/en\/","title":{"rendered":"HOMEPAGE"},"content":{"rendered":"","protected":false},"excerpt":{"rendered":"","protected":false},"author":1,"featured_media":0,"parent":0,"menu_order":0,"comment_status":"closed","ping_status":"closed","template":"","meta":[],"yoast_head":"<!-- This site is optimized with the Yoast SEO plugin v15.8 - https:\/\/yoast.com\/wordpress\/plugins\/seo\/ -->\n<title>Do\u011fu\u015f Makine End\u00fcstriyel So\u011futma Sistemleri<\/title>\n<meta name=\"description\" content=\"End\u00fcstriyel So\u011futma Sistemleri, So\u011fuk Hava Depolar\u0131, Amonyakl\u0131 So\u011futma Sistemi, Freonlu So\u011futma Sistemi\" \/>\n<meta name=\"robots\" content=\"index, follow, max-snippet:-1, max-image-preview:large, max-video-preview:-1\" \/>\n<link rel=\"canonical\" href=\"https:\/\/dogusmakine.com\/\" \/>\n<meta property=\"og:locale\" content=\"en_GB\" \/>\n<meta property=\"og:type\" content=\"article\" \/>\n<meta property=\"og:title\" content=\"Do\u011fu\u015f Makine End\u00fcstriyel So\u011futma Sistemleri\" \/>\n<meta property=\"og:description\" content=\"End\u00fcstriyel So\u011futma Sistemleri, So\u011fuk Hava Depolar\u0131, Amonyakl\u0131 So\u011futma Sistemi, Freonlu So\u011futma Sistemi\" \/>\n<meta property=\"og:url\" content=\"https:\/\/dogusmakine.com\/\" \/>\n<meta property=\"og:site_name\" content=\"Do\u011fu\u015f Makine End\u00fcstriyel So\u011futma Sistemleri\" \/>\n<meta property=\"article:publisher\" content=\"https:\/\/www.facebook.com\/Do%c4%9fu%c5%9f-Makine-186472216344763\" \/>\n<meta property=\"article:modified_time\" content=\"2021-03-04T19:23:26+00:00\" \/>\n<meta name=\"twitter:card\" content=\"summary_large_image\" \/>\n<script type=\"application\/ld+json\" class=\"yoast-schema-graph\">{\"@context\":\"https:\/\/schema.org\",\"@graph\":[{\"@type\":\"Organization\",\"@id\":\"https:\/\/dogusmakine.com\/#organization\",\"name\":\"Do\\u011fu\\u015f Makine End\\u00fcstriyel So\\u011futma Sistemleri\",\"url\":\"https:\/\/dogusmakine.com\/\",\"sameAs\":[\"https:\/\/www.facebook.com\/Do\\u011fu\\u015f-Makine-186472216344763\",\"https:\/\/www.instagram.com\/dogusmakinetr\/\"],\"logo\":{\"@type\":\"ImageObject\",\"@id\":\"https:\/\/dogusmakine.com\/#logo\",\"inLanguage\":\"en-GB\",\"url\":\"https:\/\/dogusmakine.com\/wp-content\/uploads\/2019\/09\/cropped-logo.png\",\"width\":512,\"height\":512,\"caption\":\"Do\\u011fu\\u015f Makine End\\u00fcstriyel So\\u011futma Sistemleri\"},\"image\":{\"@id\":\"https:\/\/dogusmakine.com\/#logo\"}},{\"@type\":\"WebSite\",\"@id\":\"https:\/\/dogusmakine.com\/#website\",\"url\":\"https:\/\/dogusmakine.com\/\",\"name\":\"Do\\u011fu\\u015f Makine End\\u00fcstriyel So\\u011futma Sistemleri\",\"description\":\"End\\u00fcstriyel So\\u011futma Sistemleri, So\\u011fuk Hava Depolar\\u0131, Amonyakl\\u0131 So\\u011futma Sistemi, Freonlu So\\u011futma Sistemi\",\"publisher\":{\"@id\":\"https:\/\/dogusmakine.com\/#organization\"},\"potentialAction\":[{\"@type\":\"SearchAction\",\"target\":\"https:\/\/dogusmakine.com\/?s={search_term_string}\",\"query-input\":\"required name=search_term_string\"}],\"inLanguage\":\"en-GB\"},{\"@type\":\"WebPage\",\"@id\":\"https:\/\/dogusmakine.com\/#webpage\",\"url\":\"https:\/\/dogusmakine.com\/\",\"name\":\"Do\\u011fu\\u015f Makine End\\u00fcstriyel So\\u011futma Sistemleri\",\"isPartOf\":{\"@id\":\"https:\/\/dogusmakine.com\/#website\"},\"datePublished\":\"2016-05-17T11:41:05+00:00\",\"dateModified\":\"2021-03-04T19:23:26+00:00\",\"description\":\"End\\u00fcstriyel So\\u011futma Sistemleri, So\\u011fuk Hava Depolar\\u0131, Amonyakl\\u0131 So\\u011futma Sistemi, Freonlu So\\u011futma Sistemi\",\"breadcrumb\":{\"@id\":\"https:\/\/dogusmakine.com\/#breadcrumb\"},\"inLanguage\":\"en-GB\",\"potentialAction\":[{\"@type\":\"ReadAction\",\"target\":[\"https:\/\/dogusmakine.com\/\"]}]},{\"@type\":\"BreadcrumbList\",\"@id\":\"https:\/\/dogusmakine.com\/#breadcrumb\",\"itemListElement\":[{\"@type\":\"ListItem\",\"position\":1,\"item\":{\"@type\":\"WebPage\",\"@id\":\"https:\/\/dogusmakine.com\/\",\"url\":\"https:\/\/dogusmakine.com\/\",\"name\":\"Anasayfa\"}},{\"@type\":\"ListItem\",\"position\":2,\"item\":{\"@type\":\"WebPage\",\"@id\":\"https:\/\/dogusmakine.com\/\",\"url\":\"https:\/\/dogusmakine.com\/\",\"name\":\"ANASAYFA\"}}]}]}<\/script>\n<!-- \/ Yoast SEO plugin. -->","_links":{"self":[{"href":"https:\/\/dogusmakine.com\/en\/wp-json\/wp\/v2\/pages\/7"}],"collection":[{"href":"https:\/\/dogusmakine.com\/en\/wp-json\/wp\/v2\/pages"}],"about":[{"href":"https:\/\/dogusmakine.com\/en\/wp-json\/wp\/v2\/types\/page"}],"author":[{"embeddable":true,"href":"https:\/\/dogusmakine.com\/en\/wp-json\/wp\/v2\/users\/1"}],"replies":[{"embeddable":true,"href":"https:\/\/dogusmakine.com\/en\/wp-json\/wp\/v2\/comments?post=7"}],"version-history":[{"count":5,"href":"https:\/\/dogusmakine.com\/en\/wp-json\/wp\/v2\/pages\/7\/revisions"}],"predecessor-version":[{"id":1929,"href":"https:\/\/dogusmakine.com\/en\/wp-json\/wp\/v2\/pages\/7\/revisions\/1929"}],"wp:attachment":[{"href":"https:\/\/dogusmakine.com\/en\/wp-json\/wp\/v2\/media?parent=7"}],"curies":[{"name":"wp","href":"https:\/\/api.w.org\/{rel}","templated":true}]}}