{"id":1898,"date":"2021-02-15T00:36:36","date_gmt":"2021-02-14T21:36:36","guid":{"rendered":"https:\/\/dogusmakine.com\/?page_id=1898"},"modified":"2021-02-15T00:45:01","modified_gmt":"2021-02-14T21:45:01","slug":"referanslarimiz","status":"publish","type":"page","link":"https:\/\/dogusmakine.com\/en\/referanslarimiz\/","title":{"rendered":"References"},"content":{"rendered":"","protected":false},"excerpt":{"rendered":"","protected":false},"author":2,"featured_media":0,"parent":0,"menu_order":0,"comment_status":"closed","ping_status":"closed","template":"","meta":[],"yoast_head":"<!-- This site is optimized with the Yoast SEO plugin v15.8 - https:\/\/yoast.com\/wordpress\/plugins\/seo\/ -->\n<title>Referanslar\u0131m\u0131z - Do\u011fu\u015f Makine End\u00fcstriyel So\u011futma Sistemleri<\/title>\n<meta name=\"robots\" content=\"index, follow, max-snippet:-1, max-image-preview:large, max-video-preview:-1\" \/>\n<link rel=\"canonical\" href=\"https:\/\/dogusmakine.com\/referanslarimiz\/\" \/>\n<meta property=\"og:locale\" content=\"en_GB\" \/>\n<meta property=\"og:type\" content=\"article\" \/>\n<meta property=\"og:title\" content=\"Referanslar\u0131m\u0131z - Do\u011fu\u015f Makine End\u00fcstriyel So\u011futma Sistemleri\" \/>\n<meta property=\"og:url\" content=\"https:\/\/dogusmakine.com\/referanslarimiz\/\" \/>\n<meta property=\"og:site_name\" content=\"Do\u011fu\u015f Makine End\u00fcstriyel So\u011futma Sistemleri\" \/>\n<meta property=\"article:publisher\" content=\"https:\/\/www.facebook.com\/Do%c4%9fu%c5%9f-Makine-186472216344763\" \/>\n<meta property=\"article:modified_time\" content=\"2021-02-14T21:45:01+00:00\" \/>\n<meta name=\"twitter:card\" content=\"summary_large_image\" \/>\n<script type=\"application\/ld+json\" class=\"yoast-schema-graph\">{\"@context\":\"https:\/\/schema.org\",\"@graph\":[{\"@type\":\"Organization\",\"@id\":\"https:\/\/dogusmakine.com\/#organization\",\"name\":\"Do\\u011fu\\u015f Makine End\\u00fcstriyel So\\u011futma Sistemleri\",\"url\":\"https:\/\/dogusmakine.com\/\",\"sameAs\":[\"https:\/\/www.facebook.com\/Do\\u011fu\\u015f-Makine-186472216344763\",\"https:\/\/www.instagram.com\/dogusmakinetr\/\"],\"logo\":{\"@type\":\"ImageObject\",\"@id\":\"https:\/\/dogusmakine.com\/#logo\",\"inLanguage\":\"en-GB\",\"url\":\"https:\/\/dogusmakine.com\/wp-content\/uploads\/2019\/09\/cropped-logo.png\",\"width\":512,\"height\":512,\"caption\":\"Do\\u011fu\\u015f Makine End\\u00fcstriyel So\\u011futma Sistemleri\"},\"image\":{\"@id\":\"https:\/\/dogusmakine.com\/#logo\"}},{\"@type\":\"WebSite\",\"@id\":\"https:\/\/dogusmakine.com\/#website\",\"url\":\"https:\/\/dogusmakine.com\/\",\"name\":\"Do\\u011fu\\u015f Makine End\\u00fcstriyel So\\u011futma Sistemleri\",\"description\":\"End\\u00fcstriyel So\\u011futma Sistemleri, So\\u011fuk Hava Depolar\\u0131, Amonyakl\\u0131 So\\u011futma Sistemi, Freonlu So\\u011futma Sistemi\",\"publisher\":{\"@id\":\"https:\/\/dogusmakine.com\/#organization\"},\"potentialAction\":[{\"@type\":\"SearchAction\",\"target\":\"https:\/\/dogusmakine.com\/?s={search_term_string}\",\"query-input\":\"required name=search_term_string\"}],\"inLanguage\":\"en-GB\"},{\"@type\":\"WebPage\",\"@id\":\"https:\/\/dogusmakine.com\/referanslarimiz\/#webpage\",\"url\":\"https:\/\/dogusmakine.com\/referanslarimiz\/\",\"name\":\"Referanslar\\u0131m\\u0131z - Do\\u011fu\\u015f Makine End\\u00fcstriyel So\\u011futma Sistemleri\",\"isPartOf\":{\"@id\":\"https:\/\/dogusmakine.com\/#website\"},\"datePublished\":\"2021-02-14T21:36:36+00:00\",\"dateModified\":\"2021-02-14T21:45:01+00:00\",\"breadcrumb\":{\"@id\":\"https:\/\/dogusmakine.com\/referanslarimiz\/#breadcrumb\"},\"inLanguage\":\"en-GB\",\"potentialAction\":[{\"@type\":\"ReadAction\",\"target\":[\"https:\/\/dogusmakine.com\/referanslarimiz\/\"]}]},{\"@type\":\"BreadcrumbList\",\"@id\":\"https:\/\/dogusmakine.com\/referanslarimiz\/#breadcrumb\",\"itemListElement\":[{\"@type\":\"ListItem\",\"position\":1,\"item\":{\"@type\":\"WebPage\",\"@id\":\"https:\/\/dogusmakine.com\/\",\"url\":\"https:\/\/dogusmakine.com\/\",\"name\":\"Anasayfa\"}},{\"@type\":\"ListItem\",\"position\":2,\"item\":{\"@type\":\"WebPage\",\"@id\":\"https:\/\/dogusmakine.com\/referanslarimiz\/\",\"url\":\"https:\/\/dogusmakine.com\/referanslarimiz\/\",\"name\":\"Referanslar\\u0131m\\u0131z\"}}]}]}<\/script>\n<!-- \/ Yoast SEO plugin. -->","_links":{"self":[{"href":"https:\/\/dogusmakine.com\/en\/wp-json\/wp\/v2\/pages\/1898"}],"collection":[{"href":"https:\/\/dogusmakine.com\/en\/wp-json\/wp\/v2\/pages"}],"about":[{"href":"https:\/\/dogusmakine.com\/en\/wp-json\/wp\/v2\/types\/page"}],"author":[{"embeddable":true,"href":"https:\/\/dogusmakine.com\/en\/wp-json\/wp\/v2\/users\/2"}],"replies":[{"embeddable":true,"href":"https:\/\/dogusmakine.com\/en\/wp-json\/wp\/v2\/comments?post=1898"}],"version-history":[{"count":2,"href":"https:\/\/dogusmakine.com\/en\/wp-json\/wp\/v2\/pages\/1898\/revisions"}],"predecessor-version":[{"id":1926,"href":"https:\/\/dogusmakine.com\/en\/wp-json\/wp\/v2\/pages\/1898\/revisions\/1926"}],"wp:attachment":[{"href":"https:\/\/dogusmakine.com\/en\/wp-json\/wp\/v2\/media?parent=1898"}],"curies":[{"name":"wp","href":"https:\/\/api.w.org\/{rel}","templated":true}]}}